{"id":89,"date":"2026-02-19T18:57:54","date_gmt":"2026-02-19T18:57:54","guid":{"rendered":"https:\/\/safepoint-security.com\/?page_id=89"},"modified":"2026-04-01T18:00:38","modified_gmt":"2026-04-01T18:00:38","slug":"impressum","status":"publish","type":"page","link":"https:\/\/safepoint-security.com\/en\/impressum\/","title":{"rendered":"Legal Notice"},"content":{"rendered":"<div data-elementor-type=\"wp-page\" data-elementor-id=\"89\" class=\"elementor elementor-89\">\n\t\t\t\t<div class=\"elementor-element elementor-element-dfd36b7 elementor-hidden-tablet elementor-hidden-mobile e-flex e-con-boxed e-con e-parent\" data-id=\"dfd36b7\" data-element_type=\"container\" data-e-type=\"container\">\n\t\t\t\t\t<div class=\"e-con-inner\">\n\t\t\t\t\t<\/div>\n\t\t\t\t<\/div>\n\t\t<div class=\"elementor-element elementor-element-822e4c9 e-con-full e-flex e-con e-parent\" data-id=\"822e4c9\" data-element_type=\"container\" data-e-type=\"container\" data-settings=\"{&quot;background_background&quot;:&quot;classic&quot;}\">\n\t\t\t\t<div class=\"elementor-element elementor-element-399e128 elementor-widget elementor-widget-heading\" data-id=\"399e128\" data-element_type=\"widget\" data-e-type=\"widget\" data-widget_type=\"heading.default\">\n\t\t\t\t\t<h1 class=\"elementor-heading-title elementor-size-default\">Legal Notice<\/h1>\t\t\t\t<\/div>\n\t\t\t\t<\/div>\n\t\t<div class=\"elementor-element elementor-element-997122a e-flex e-con-boxed e-con e-parent\" data-id=\"997122a\" data-element_type=\"container\" data-e-type=\"container\">\n\t\t\t\t\t<div class=\"e-con-inner\">\n\t\t\t\t<div class=\"elementor-element elementor-element-bda024d elementor-widget elementor-widget-spacer\" data-id=\"bda024d\" data-element_type=\"widget\" data-e-type=\"widget\" data-widget_type=\"spacer.default\">\n\t\t\t\t\t\t\t<div class=\"elementor-spacer\">\n\t\t\t<div class=\"elementor-spacer-inner\"><\/div>\n\t\t<\/div>\n\t\t\t\t\t\t<\/div>\n\t\t\t\t\t<\/div>\n\t\t\t\t<\/div>\n\t\t<div class=\"elementor-element elementor-element-77f1eef e-flex e-con-boxed e-con e-parent\" data-id=\"77f1eef\" data-element_type=\"container\" data-e-type=\"container\">\n\t\t\t\t\t<div class=\"e-con-inner\">\n\t\t\t\t<div class=\"elementor-element elementor-element-437bdf9 elementor-widget elementor-widget-text-editor\" data-id=\"437bdf9\" data-element_type=\"widget\" data-e-type=\"widget\" data-widget_type=\"text-editor.default\">\n\t\t\t\t\t\t\t\t\t<div style=\"font-family: Arial, Helvetica, sans-serif;\"><p style=\"margin: 0 0 16px 0; font-size: 24px; line-height: 1.4; color: #000000; font-weight: bold;\">Umsatzsteuer-Identifikationsnummer gem\u00e4\u00df \u00a727 a Umsatzsteuergesetz:<\/p><p>DE350446783 Finanzamt K\u00f6ln<\/p><p>\u00a0<\/p><p style=\"margin: 0 0 16px 0; font-size: 24px; line-height: 1.4; color: #000000; font-weight: bold;\">Registration<\/p><p style=\"margin: 0 0 14px 0; font-size: 18px; line-height: 1.7; color: #7a7a7a; font-weight: 600;\">Registergericht: Amtsgericht K\u00f6ln Betriebsnummer: 73162480 HBR: 121064 Zust\u00e4ndige Kammer: IHK K\u00f6ln<\/p><p style=\"margin: 0 0 28px 0; font-size: 18px; line-height: 1.7; color: #7a7a7a; font-weight: 600;\">Aufsichtsbeh\u00f6rde Amt f\u00fcr \u00f6ffentliche Ordnung Willy-Brandt-Platz 3 50679 K\u00f6ln<\/p><\/div>\t\t\t\t\t\t\t\t<\/div>\n\t\t\t\t\t<\/div>\n\t\t\t\t<\/div>\n\t\t<div class=\"elementor-element elementor-element-8915aca e-flex e-con-boxed e-con e-parent\" data-id=\"8915aca\" data-element_type=\"container\" data-e-type=\"container\">\n\t\t\t\t\t<div class=\"e-con-inner\">\n\t\t\t\t<div class=\"elementor-element elementor-element-6aa48e3 elementor-widget elementor-widget-image\" data-id=\"6aa48e3\" data-element_type=\"widget\" data-e-type=\"widget\" data-widget_type=\"image.default\">\n\t\t\t\t\t\t\t\t\t\t\t\t\t\t\t<img decoding=\"async\" width=\"150\" height=\"150\" src=\"https:\/\/safepoint-security.com\/wp-content\/uploads\/2026\/02\/cropped-Screenshot-2026-02-11-225814-145x102.png\" class=\"attachment-thumbnail size-thumbnail wp-image-36\" alt=\"\" \/>\t\t\t\t\t\t\t\t\t\t\t\t\t\t\t<\/div>\n\t\t\t\t\t<\/div>\n\t\t\t\t<\/div>\n\t\t<div class=\"elementor-element elementor-element-35e39e5 e-flex e-con-boxed e-con e-parent\" data-id=\"35e39e5\" data-element_type=\"container\" data-e-type=\"container\">\n\t\t\t\t\t<div class=\"e-con-inner\">\n\t\t\t\t<div class=\"elementor-element elementor-element-fb908e2 elementor-widget elementor-widget-text-editor\" data-id=\"fb908e2\" data-element_type=\"widget\" data-e-type=\"widget\" data-widget_type=\"text-editor.default\">\n\t\t\t\t\t\t\t\t\t<div style=\"font-family: Arial, Helvetica, sans-serif;\">\n\n  <p style=\"margin: 0; font-size: 18px; line-height: 1.7; color: #7A7A7A; font-weight: 600;\">Osman Oguz<\/p>\n  <p style=\"margin: 0 0 14px 0; font-size: 18px; line-height: 1.7; color: #7A7A7A; font-weight: 600;\">(Managing Director)<\/p>\n\n  <p style=\"margin: 0 0 14px 0; font-size: 18px; line-height: 1.7; color: #7A7A7A; font-weight: 600;\">Branch Office<\/p>\n\n  <p style=\"margin: 0; font-size: 18px; line-height: 1.7; color: #7A7A7A; font-weight: 600;\">Safepoint Security GmbH<\/p>\n  <p style=\"margin: 0; font-size: 18px; line-height: 1.7; color: #7A7A7A; font-weight: 600;\">Heinrich-Pesch-Stra\u00dfe 5<\/p>\n  <p style=\"margin: 0; font-size: 18px; line-height: 1.7; color: #7A7A7A; font-weight: 600;\">50739 K\u00f6ln<\/p>\n  <p style=\"margin: 0; font-size: 18px; line-height: 1.7; color: #7A7A7A; font-weight: 600;\">Phone: +49 176 2076 3881<\/p>\n\n<\/div>\t\t\t\t\t\t\t\t<\/div>\n\t\t\t\t\t<\/div>\n\t\t\t\t<\/div>\n\t\t<div class=\"elementor-element elementor-element-d36ee64 e-flex e-con-boxed e-con e-parent\" data-id=\"d36ee64\" data-element_type=\"container\" data-e-type=\"container\">\n\t\t\t\t\t<div class=\"e-con-inner\">\n\t\t\t\t<div class=\"elementor-element elementor-element-bec9005 elementor-widget elementor-widget-spacer\" data-id=\"bec9005\" data-element_type=\"widget\" data-e-type=\"widget\" data-widget_type=\"spacer.default\">\n\t\t\t\t\t\t\t<div class=\"elementor-spacer\">\n\t\t\t<div class=\"elementor-spacer-inner\"><\/div>\n\t\t<\/div>\n\t\t\t\t\t\t<\/div>\n\t\t\t\t\t<\/div>\n\t\t\t\t<\/div>\n\t\t\t\t<\/div>","protected":false},"excerpt":{"rendered":"<p>Impressum Umsatzsteuer-Identifikationsnummer gem\u00e4\u00df \u00a727 a Umsatzsteuergesetz: DE350446783 Finanzamt K\u00f6ln \u00a0 Registereintrag Registergericht: Amtsgericht K\u00f6ln Betriebsnummer: 73162480 HBR: 121064 Zust\u00e4ndige Kammer: [&hellip;]<\/p>\n","protected":false},"author":2,"featured_media":0,"parent":0,"menu_order":0,"comment_status":"closed","ping_status":"closed","template":"","meta":{"_coblocks_attr":"","_coblocks_dimensions":"","_coblocks_responsive_height":"","_coblocks_accordion_ie_support":"","site-sidebar-layout":"no-sidebar","site-content-layout":"","ast-site-content-layout":"full-width-container","site-content-style":"default","site-sidebar-style":"default","ast-global-header-display":"","ast-banner-title-visibility":"","ast-main-header-display":"","ast-hfb-above-header-display":"","ast-hfb-below-header-display":"","ast-hfb-mobile-header-display":"","site-post-title":"disabled","ast-breadcrumbs-content":"","ast-featured-img":"disabled","footer-sml-layout":"","ast-disable-related-posts":"","theme-transparent-header-meta":"","adv-header-id-meta":"","stick-header-meta":"","header-above-stick-meta":"","header-main-stick-meta":"","header-below-stick-meta":"","astra-migrate-meta-layouts":"default","ast-page-background-enabled":"default","ast-page-background-meta":{"desktop":{"background-color":"var(--ast-global-color-5)","background-image":"","background-repeat":"repeat","background-position":"center center","background-size":"auto","background-attachment":"scroll","background-type":"","background-media":"","overlay-type":"","overlay-color":"","overlay-opacity":"","overlay-gradient":""},"tablet":{"background-color":"","background-image":"","background-repeat":"repeat","background-position":"center center","background-size":"auto","background-attachment":"scroll","background-type":"","background-media":"","overlay-type":"","overlay-color":"","overlay-opacity":"","overlay-gradient":""},"mobile":{"background-color":"","background-image":"","background-repeat":"repeat","background-position":"center center","background-size":"auto","background-attachment":"scroll","background-type":"","background-media":"","overlay-type":"","overlay-color":"","overlay-opacity":"","overlay-gradient":""}},"ast-content-background-meta":{"desktop":{"background-color":"var(--ast-global-color-4)","background-image":"","background-repeat":"repeat","background-position":"center center","background-size":"auto","background-attachment":"scroll","background-type":"","background-media":"","overlay-type":"","overlay-color":"","overlay-opacity":"","overlay-gradient":""},"tablet":{"background-color":"var(--ast-global-color-4)","background-image":"","background-repeat":"repeat","background-position":"center center","background-size":"auto","background-attachment":"scroll","background-type":"","background-media":"","overlay-type":"","overlay-color":"","overlay-opacity":"","overlay-gradient":""},"mobile":{"background-color":"var(--ast-global-color-4)","background-image":"","background-repeat":"repeat","background-position":"center center","background-size":"auto","background-attachment":"scroll","background-type":"","background-media":"","overlay-type":"","overlay-color":"","overlay-opacity":"","overlay-gradient":""}},"footnotes":""},"class_list":["post-89","page","type-page","status-publish","hentry"],"_links":{"self":[{"href":"https:\/\/safepoint-security.com\/en\/wp-json\/wp\/v2\/pages\/89","targetHints":{"allow":["GET"]}}],"collection":[{"href":"https:\/\/safepoint-security.com\/en\/wp-json\/wp\/v2\/pages"}],"about":[{"href":"https:\/\/safepoint-security.com\/en\/wp-json\/wp\/v2\/types\/page"}],"author":[{"embeddable":true,"href":"https:\/\/safepoint-security.com\/en\/wp-json\/wp\/v2\/users\/2"}],"replies":[{"embeddable":true,"href":"https:\/\/safepoint-security.com\/en\/wp-json\/wp\/v2\/comments?post=89"}],"version-history":[{"count":67,"href":"https:\/\/safepoint-security.com\/en\/wp-json\/wp\/v2\/pages\/89\/revisions"}],"predecessor-version":[{"id":1087,"href":"https:\/\/safepoint-security.com\/en\/wp-json\/wp\/v2\/pages\/89\/revisions\/1087"}],"wp:attachment":[{"href":"https:\/\/safepoint-security.com\/en\/wp-json\/wp\/v2\/media?parent=89"}],"curies":[{"name":"wp","href":"https:\/\/api.w.org\/{rel}","templated":true}]}}