{"id":505,"date":"2026-03-18T11:16:15","date_gmt":"2026-03-18T11:16:15","guid":{"rendered":"https:\/\/safepoint-security.com\/?page_id=505"},"modified":"2026-04-01T17:59:10","modified_gmt":"2026-04-01T17:59:10","slug":"uberuns","status":"publish","type":"page","link":"https:\/\/safepoint-security.com\/en\/uberuns\/","title":{"rendered":"uberuns"},"content":{"rendered":"<div data-elementor-type=\"wp-page\" data-elementor-id=\"505\" class=\"elementor elementor-505\">\n\t\t\t\t<div class=\"elementor-element elementor-element-732a3f9 elementor-hidden-tablet elementor-hidden-mobile e-flex e-con-boxed e-con e-parent\" data-id=\"732a3f9\" data-element_type=\"container\" data-e-type=\"container\">\n\t\t\t\t\t<div class=\"e-con-inner\">\n\t\t\t\t\t<\/div>\n\t\t\t\t<\/div>\n\t\t<div class=\"elementor-element elementor-element-f7884f7 e-con-full e-flex e-con e-parent\" data-id=\"f7884f7\" data-element_type=\"container\" data-e-type=\"container\" data-settings=\"{&quot;background_background&quot;:&quot;classic&quot;}\">\n\t\t\t\t<div class=\"elementor-element elementor-element-7e85778 elementor-widget elementor-widget-heading\" data-id=\"7e85778\" data-element_type=\"widget\" data-e-type=\"widget\" data-widget_type=\"heading.default\">\n\t\t\t\t\t<h1 class=\"elementor-heading-title elementor-size-default\"><b>About Us - Safepoint Security GmbH<\/b><\/h1>\t\t\t\t<\/div>\n\t\t\t\t<\/div>\n\t\t<div class=\"elementor-element elementor-element-99c4e77 e-flex e-con-boxed e-con e-parent\" data-id=\"99c4e77\" data-element_type=\"container\" data-e-type=\"container\">\n\t\t\t\t\t<div class=\"e-con-inner\">\n\t\t\t\t<div class=\"elementor-element elementor-element-a144c87 elementor-widget elementor-widget-spacer\" data-id=\"a144c87\" data-element_type=\"widget\" data-e-type=\"widget\" data-widget_type=\"spacer.default\">\n\t\t\t\t\t\t\t<div class=\"elementor-spacer\">\n\t\t\t<div class=\"elementor-spacer-inner\"><\/div>\n\t\t<\/div>\n\t\t\t\t\t\t<\/div>\n\t\t\t\t<div class=\"elementor-element elementor-element-479f6b4 elementor-widget elementor-widget-text-editor\" data-id=\"479f6b4\" data-element_type=\"widget\" data-e-type=\"widget\" data-widget_type=\"text-editor.default\">\n\t\t\t\t\t\t\t\t\t<div style=\"font-family: Arial, Helvetica, sans-serif;\"><p style=\"margin: 0 0 16px 0; font-size: 24px; line-height: 1.4; color: #000000; font-weight: bold;\">Hinter der Safepoint Security GmbH steht nicht nur ein Sicherheitsunternehmen, sondern eine klare Vision: Sicherheit professionell, zuverl\u00e4ssig und menschlich zugleich zu gestalten.<\/p><p style=\"margin: 0 0 20px 0; font-size: 18px; line-height: 1.7; color: #7a7a7a; font-weight: 600;\">Our CEO founded the company in 2021 after many years of service and extensive experience in the security industry. Drawing on his practical industry knowledge, high standards of quality, and deep understanding of the requirements of modern security concepts, he established a company that has been committed to professionalism, trust, and long-term partnerships from the very beginning.<\/p><p style=\"margin: 0 0 20px 0; font-size: 18px; line-height: 1.7; color: #7a7a7a; font-weight: 600;\">Dank dieser Erfahrung sowie der Professionalit\u00e4t, Einsatzbereitschaft und Qualifikation unserer Mitarbeiter konnte Safepoint Security bereits in kurzer Zeit ein starkes Wachstum verzeichnen. Aus einem kleinen Team entwickelte sich schnell ein leistungsf\u00e4higes Unternehmen mit einer stetig wachsenden Mannschaft aus geschulten Sicherheitskr\u00e4ften. Dieser erfolgreiche Entwicklungsprozess f\u00fchrte im Jahr 2025 folgerichtig zur Umfirmierung in die Safepoint Security GmbH \u2013 ein wichtiger Meilenstein in unserer Unternehmensgeschichte und ein Zeichen f\u00fcr Stabilit\u00e4t sowie langfristige Unternehmensausrichtung.<\/p><p style=\"margin: 0; font-size: 18px; line-height: 1.7; color: #7a7a7a; font-weight: 600;\">Ein weiterer bedeutender Schritt folgte im Jahr 2026: Unser Unternehmen wurde durch die DEKRA erfolgreich zertifiziert und erf\u00fcllt seitdem die Anforderungen eines gepr\u00fcften Qualit\u00e4tsmanagementsystems nach ISO 9001 sowie die strengen Qualit\u00e4tsstandards der DIN 77200 f\u00fcr Sicherheitsdienstleistungen. Diese Zertifizierungen best\u00e4tigen unseren hohen Anspruch an Qualit\u00e4t, Struktur, Transparenz und kontinuierliche Verbesserung unserer Dienstleistungen.<\/p><\/div>\t\t\t\t\t\t\t\t<\/div>\n\t\t\t\t\t<\/div>\n\t\t\t\t<\/div>\n\t\t<div class=\"elementor-element elementor-element-2668b1b e-con-full e-flex e-con e-parent\" data-id=\"2668b1b\" data-element_type=\"container\" data-e-type=\"container\">\n\t\t\t\t<div class=\"elementor-element elementor-element-42e8141 elementor-widget elementor-widget-spacer\" data-id=\"42e8141\" data-element_type=\"widget\" data-e-type=\"widget\" data-widget_type=\"spacer.default\">\n\t\t\t\t\t\t\t<div class=\"elementor-spacer\">\n\t\t\t<div class=\"elementor-spacer-inner\"><\/div>\n\t\t<\/div>\n\t\t\t\t\t\t<\/div>\n\t\t\t\t<div class=\"elementor-element elementor-element-9785718 elementor-widget__width-inherit elementor-pagination-position-outside elementor-widget elementor-widget-image-carousel\" data-id=\"9785718\" data-element_type=\"widget\" data-e-type=\"widget\" data-settings=\"{&quot;slides_to_show&quot;:&quot;4&quot;,&quot;slides_to_show_mobile&quot;:&quot;3&quot;,&quot;slides_to_scroll&quot;:&quot;1&quot;,&quot;slides_to_scroll_mobile&quot;:&quot;1&quot;,&quot;navigation&quot;:&quot;dots&quot;,&quot;image_spacing_custom_mobile&quot;:{&quot;unit&quot;:&quot;px&quot;,&quot;size&quot;:5,&quot;sizes&quot;:[]},&quot;autoplay&quot;:&quot;yes&quot;,&quot;pause_on_hover&quot;:&quot;yes&quot;,&quot;pause_on_interaction&quot;:&quot;yes&quot;,&quot;autoplay_speed&quot;:5000,&quot;infinite&quot;:&quot;yes&quot;,&quot;speed&quot;:500,&quot;image_spacing_custom&quot;:{&quot;unit&quot;:&quot;px&quot;,&quot;size&quot;:20,&quot;sizes&quot;:[]},&quot;image_spacing_custom_tablet&quot;:{&quot;unit&quot;:&quot;px&quot;,&quot;size&quot;:&quot;&quot;,&quot;sizes&quot;:[]}}\" data-widget_type=\"image-carousel.default\">\n\t\t\t\t\t\t\t<div class=\"elementor-image-carousel-wrapper swiper\" role=\"region\" aria-roledescription=\"carousel\" aria-label=\"Bilderkarussell\" dir=\"ltr\">\n\t\t\t<div class=\"elementor-image-carousel swiper-wrapper\" aria-live=\"off\">\n\t\t\t\t\t\t\t\t<div class=\"swiper-slide\" role=\"group\" aria-roledescription=\"slide\" aria-label=\"1 von 6\"><figure class=\"swiper-slide-inner\"><img decoding=\"async\" class=\"swiper-slide-image\" src=\"https:\/\/safepoint-security.com\/wp-content\/uploads\/2026\/03\/IMG_2130-768x1024.jpeg\" alt=\"IMG_2130\" \/><\/figure><\/div><div class=\"swiper-slide\" role=\"group\" aria-roledescription=\"slide\" aria-label=\"2 von 6\"><figure class=\"swiper-slide-inner\"><img decoding=\"async\" class=\"swiper-slide-image\" src=\"https:\/\/safepoint-security.com\/wp-content\/uploads\/2026\/03\/IMG_2120-768x1024.jpeg\" alt=\"IMG_2120\" \/><\/figure><\/div><div class=\"swiper-slide\" role=\"group\" aria-roledescription=\"slide\" aria-label=\"3 von 6\"><figure class=\"swiper-slide-inner\"><img decoding=\"async\" class=\"swiper-slide-image\" src=\"https:\/\/safepoint-security.com\/wp-content\/uploads\/2026\/03\/IMG_2129-768x1024.jpeg\" alt=\"IMG_2129\" \/><\/figure><\/div><div class=\"swiper-slide\" role=\"group\" aria-roledescription=\"slide\" aria-label=\"4 von 6\"><figure class=\"swiper-slide-inner\"><img decoding=\"async\" class=\"swiper-slide-image\" src=\"https:\/\/safepoint-security.com\/wp-content\/uploads\/2026\/03\/WhatsApp-Image-2026-03-23-at-14.31.32-768x1069.jpeg\" alt=\"WhatsApp Image 2026-03-23 at 14.31.32\" \/><\/figure><\/div><div class=\"swiper-slide\" role=\"group\" aria-roledescription=\"slide\" aria-label=\"5 von 6\"><figure class=\"swiper-slide-inner\"><img decoding=\"async\" class=\"swiper-slide-image\" src=\"https:\/\/safepoint-security.com\/wp-content\/uploads\/2026\/03\/IMG_2113-768x1024.jpeg\" alt=\"IMG_2113\" \/><\/figure><\/div><div class=\"swiper-slide\" role=\"group\" aria-roledescription=\"slide\" aria-label=\"6 von 6\"><figure class=\"swiper-slide-inner\"><img decoding=\"async\" class=\"swiper-slide-image\" src=\"https:\/\/safepoint-security.com\/wp-content\/uploads\/2026\/03\/IMG_1998-1-768x1024.jpg\" alt=\"IMG_1998\" \/><\/figure><\/div>\t\t\t<\/div>\n\t\t\t\t\t\t\t\n\t\t\t\t\t\t\t\t\t<div class=\"swiper-pagination\"><\/div>\n\t\t\t\t\t\t\t\t\t<\/div>\n\t\t\t\t\t\t<\/div>\n\t\t\t\t<\/div>\n\t\t<div class=\"elementor-element elementor-element-e70df56 e-flex e-con-boxed e-con e-parent\" data-id=\"e70df56\" data-element_type=\"container\" data-e-type=\"container\">\n\t\t\t\t\t<div class=\"e-con-inner\">\n\t\t\t\t<div class=\"elementor-element elementor-element-7bb3c52 elementor-widget elementor-widget-spacer\" data-id=\"7bb3c52\" data-element_type=\"widget\" data-e-type=\"widget\" data-widget_type=\"spacer.default\">\n\t\t\t\t\t\t\t<div class=\"elementor-spacer\">\n\t\t\t<div class=\"elementor-spacer-inner\"><\/div>\n\t\t<\/div>\n\t\t\t\t\t\t<\/div>\n\t\t\t\t\t<\/div>\n\t\t\t\t<\/div>\n\t\t\t\t<\/div>","protected":false},"excerpt":{"rendered":"<p>\u00dcber uns \u2013 Safepoint Security GmbH Hinter der Safepoint Security GmbH steht nicht nur ein Sicherheitsunternehmen, sondern eine klare Vision: [&hellip;]<\/p>\n","protected":false},"author":2,"featured_media":0,"parent":0,"menu_order":0,"comment_status":"closed","ping_status":"closed","template":"","meta":{"_coblocks_attr":"","_coblocks_dimensions":"","_coblocks_responsive_height":"","_coblocks_accordion_ie_support":"","site-sidebar-layout":"no-sidebar","site-content-layout":"","ast-site-content-layout":"full-width-container","site-content-style":"default","site-sidebar-style":"default","ast-global-header-display":"","ast-banner-title-visibility":"","ast-main-header-display":"","ast-hfb-above-header-display":"","ast-hfb-below-header-display":"","ast-hfb-mobile-header-display":"","site-post-title":"disabled","ast-breadcrumbs-content":"","ast-featured-img":"disabled","footer-sml-layout":"","ast-disable-related-posts":"","theme-transparent-header-meta":"","adv-header-id-meta":"","stick-header-meta":"","header-above-stick-meta":"","header-main-stick-meta":"","header-below-stick-meta":"","astra-migrate-meta-layouts":"default","ast-page-background-enabled":"default","ast-page-background-meta":{"desktop":{"background-color":"var(--ast-global-color-5)","background-image":"","background-repeat":"repeat","background-position":"center center","background-size":"auto","background-attachment":"scroll","background-type":"","background-media":"","overlay-type":"","overlay-color":"","overlay-opacity":"","overlay-gradient":""},"tablet":{"background-color":"","background-image":"","background-repeat":"repeat","background-position":"center center","background-size":"auto","background-attachment":"scroll","background-type":"","background-media":"","overlay-type":"","overlay-color":"","overlay-opacity":"","overlay-gradient":""},"mobile":{"background-color":"","background-image":"","background-repeat":"repeat","background-position":"center center","background-size":"auto","background-attachment":"scroll","background-type":"","background-media":"","overlay-type":"","overlay-color":"","overlay-opacity":"","overlay-gradient":""}},"ast-content-background-meta":{"desktop":{"background-color":"var(--ast-global-color-4)","background-image":"","background-repeat":"repeat","background-position":"center center","background-size":"auto","background-attachment":"scroll","background-type":"","background-media":"","overlay-type":"","overlay-color":"","overlay-opacity":"","overlay-gradient":""},"tablet":{"background-color":"var(--ast-global-color-4)","background-image":"","background-repeat":"repeat","background-position":"center center","background-size":"auto","background-attachment":"scroll","background-type":"","background-media":"","overlay-type":"","overlay-color":"","overlay-opacity":"","overlay-gradient":""},"mobile":{"background-color":"var(--ast-global-color-4)","background-image":"","background-repeat":"repeat","background-position":"center center","background-size":"auto","background-attachment":"scroll","background-type":"","background-media":"","overlay-type":"","overlay-color":"","overlay-opacity":"","overlay-gradient":""}},"footnotes":""},"class_list":["post-505","page","type-page","status-publish","hentry"],"_links":{"self":[{"href":"https:\/\/safepoint-security.com\/en\/wp-json\/wp\/v2\/pages\/505","targetHints":{"allow":["GET"]}}],"collection":[{"href":"https:\/\/safepoint-security.com\/en\/wp-json\/wp\/v2\/pages"}],"about":[{"href":"https:\/\/safepoint-security.com\/en\/wp-json\/wp\/v2\/types\/page"}],"author":[{"embeddable":true,"href":"https:\/\/safepoint-security.com\/en\/wp-json\/wp\/v2\/users\/2"}],"replies":[{"embeddable":true,"href":"https:\/\/safepoint-security.com\/en\/wp-json\/wp\/v2\/comments?post=505"}],"version-history":[{"count":49,"href":"https:\/\/safepoint-security.com\/en\/wp-json\/wp\/v2\/pages\/505\/revisions"}],"predecessor-version":[{"id":1084,"href":"https:\/\/safepoint-security.com\/en\/wp-json\/wp\/v2\/pages\/505\/revisions\/1084"}],"wp:attachment":[{"href":"https:\/\/safepoint-security.com\/en\/wp-json\/wp\/v2\/media?parent=505"}],"curies":[{"name":"wp","href":"https:\/\/api.w.org\/{rel}","templated":true}]}}