{"id":16,"date":"2026-02-05T17:30:24","date_gmt":"2026-02-05T17:30:24","guid":{"rendered":"https:\/\/safepoint-security.com\/home-page\/"},"modified":"2026-03-17T17:39:29","modified_gmt":"2026-03-17T17:39:29","slug":"home-page","status":"publish","type":"page","link":"https:\/\/safepoint-security.com\/en\/home-page\/","title":{"rendered":"home"},"content":{"rendered":"\n<div style=\"height:12px\" aria-hidden=\"true\" class=\"wp-block-spacer\"><\/div>\n\n\n\n<div class=\"wp-block-cover alignfull is-repeated is-style-default has-small-font-size\" style=\"min-height:988px;aspect-ratio:unset;\"><div class=\"wp-block-cover__image-background wp-image-64 size-full is-repeated\" style=\"background-position:50% 50%;background-image:url(https:\/\/safepoint-security.com\/wp-content\/uploads\/2026\/02\/istockphoto-1486287149-612x612-1.jpg)\"><\/div><span aria-hidden=\"true\" class=\"wp-block-cover__background has-ast-global-color-4-background-color has-background-dim-20 has-background-dim\"><\/span><div class=\"wp-block-cover__inner-container is-layout-flow wp-block-cover-is-layout-flow\">\n<div class=\"wp-block-cover alignfull is-light\" style=\"min-height:687px;aspect-ratio:unset;\"><span aria-hidden=\"true\" class=\"wp-block-cover__background has-background-dim-80 has-background-dim\" style=\"background-color:#e7e7e7\"><\/span><div class=\"wp-block-cover__inner-container is-layout-constrained wp-block-cover-is-layout-constrained\">\n<h1 class=\"wp-block-heading alignfull has-text-align-left has-text-color\" style=\"color:#ab8c00\"><strong>Sicherheit ist Vertrauenssach<\/strong>e<\/h1>\n\n\n\n<div class=\"wp-block-group alignfull is-layout-constrained wp-block-group-is-layout-constrained\">\n<div class=\"wp-block-group alignfull is-vertical is-layout-flex wp-container-core-group-is-layout-d6b9ab57 wp-block-group-is-layout-flex\">\n<h5 class=\"wp-block-heading has-text-align-left has-text-color has-link-color wp-elements-bf8ba92099792215ad4f2e42dcfb05d0\" style=\"color:#ab8c00\">Die&nbsp;Safepoint Security GmbH&nbsp;ist Ihre professionelle und zertifizierte Sicherheitsfirma in der Region K\u00f6ln, Nordrhein-Westfalen und Umgebung.<br>Seit unserer Gr\u00fcndung stehen wir f\u00fcr Zuverl\u00e4ssigkeit, Diskretion und h\u00f6chste Qualit\u00e4tsstandards im Sicherheitsdienst. Mit langj\u00e4hriger Erfahrung<br>in der Sicherheitsbranche bieten wir ma\u00dfgeschneiderte Sicherheitsl\u00f6sungen f\u00fcr Unternehmen, \u00f6ffentliche Einrichtungen und Privatkunden. <br>Unser Anspruch ist es, Risiken fr\u00fchzeitig zu erkennen, Gefahren effektiv zu minimieren und f\u00fcr ein sicheres Umfeld zu sorgen \u2013 jederzeit und kompromisslos.<\/h5>\n<\/div>\n<\/div>\n\n\n\n<div class=\"wp-block-group alignfull is-layout-constrained wp-block-group-is-layout-constrained\">\n<div class=\"wp-block-columns alignfull is-layout-flex wp-container-core-columns-is-layout-28f84493 wp-block-columns-is-layout-flex\">\n<div class=\"wp-block-column is-layout-flow wp-block-column-is-layout-flow\" style=\"flex-basis:100%\">\n<div class=\"wp-block-buttons alignfull is-horizontal is-content-justification-left is-layout-flex wp-container-core-buttons-is-layout-5849f1fd wp-block-buttons-is-layout-flex\">\n<div class=\"wp-block-button is-style-fill has-custom-font\" style=\"font-family:Arial\"><a class=\"wp-block-button__link has-arial-font-family has-text-align-left wp-element-button\" style=\"border-width:3px\">Mehr erfahren<\/a><\/div>\n<\/div>\n<\/div>\n<\/div>\n<\/div>\n<\/div><\/div>\n<\/div><\/div>\n\n\n\n<div class=\"wp-block-columns alignwide is-layout-flex wp-container-core-columns-is-layout-28f84493 wp-block-columns-is-layout-flex\">\n<div class=\"wp-block-column is-layout-flow wp-block-column-is-layout-flow\"><div class=\"wp-block-coblocks-icon has-text-align-center\">\n\t\t\t\t<div class=\"wp-block-coblocks-icon__inner has-text-color\" style=\"height: 60px; width: 60px; color: #ab8c00; fill: #ab8c00;\">\n\t\t\t\t\t<svg fill=\"none\" viewBox=\"0 0 20 20\" xmlns=\"http:\/\/www.w3.org\/2000\/svg\"><path d=\"m9.99610362 17.0837787-7.42990299-5.7765731-1.63316728 1.2702412 9.07315155 7.0568956 9.0731515-7.0568956-1.6432485-1.2803225zm.01008128-2.560645 7.4198217-5.77657311 1.6533298-1.28032249-9.0731515-7.05689565-9.07315155 7.05689565 1.64324856 1.28032249z\" fill=\"currentColor\" \/><\/svg>\n\t\t\t\t<\/div>\n\t\t\t<\/div>\n\n\n<h4 class=\"wp-block-heading has-text-align-center\">Residential<\/h4>\n\n\n\n<p class=\"has-text-align-center\">Our residential process combines multiple disciplines in a rich composition of functional, thoroughly connected spaces designed to unite the experience of indoors and out.<\/p>\n\n\n\n<div class=\"wp-block-buttons is-content-justification-center is-layout-flex wp-container-core-buttons-is-layout-a89b3969 wp-block-buttons-is-layout-flex\">\n<div class=\"wp-block-button is-style-fill\"><a class=\"wp-block-button__link wp-element-button\" href=\"https:\/\/safepoint-security.com\/gallery-page\/\">residential<\/a><\/div>\n<\/div>\n<\/div>\n\n\n\n<div class=\"wp-block-column is-layout-flow wp-block-column-is-layout-flow\"><div class=\"wp-block-coblocks-icon has-text-align-center\">\n\t\t\t\t<div class=\"wp-block-coblocks-icon__inner has-text-color\" style=\"height: 60px; width: 60px; color: #ab8c00; fill: #ab8c00;\">\n\t\t\t\t\t<svg fill=\"none\" viewBox=\"0 0 20 20\" xmlns=\"http:\/\/www.w3.org\/2000\/svg\"><path d=\"m13.1578947 9.47368421v-6.31578947l-3.1578947-3.15789474-3.15789474 3.15789474v2.10526315h-6.31578947v14.73684211h18.94736841v-10.52631579zm-8.42105259 8.42105259h-2.10526316v-2.1052631h2.10526316zm0-4.2105263h-2.10526316v-2.1052631h2.10526316zm0-4.21052629h-2.10526316v-2.10526316h2.10526316zm6.31578949 8.42105259h-2.10526318v-2.1052631h2.10526318zm0-4.2105263h-2.10526318v-2.1052631h2.10526318zm0-4.21052629h-2.10526318v-2.10526316h2.10526318zm0-4.21052632h-2.10526318v-2.10526315h2.10526318zm6.3157895 12.63157891h-2.1052632v-2.1052631h2.1052632zm0-4.2105263h-2.1052632v-2.1052631h2.1052632z\" fill=\"currentColor\" \/><\/svg>\n\t\t\t\t<\/div>\n\t\t\t<\/div>\n\n\n<h4 class=\"wp-block-heading has-text-align-center\">Commercial<\/h4>\n\n\n\n<p class=\"has-text-align-center\">Our commercial design services create better user experiences through clear and compelling environmental function in commercial developments.<\/p>\n\n\n\n<div class=\"wp-block-buttons is-content-justification-center is-layout-flex wp-container-core-buttons-is-layout-a89b3969 wp-block-buttons-is-layout-flex\">\n<div class=\"wp-block-button is-style-fill\"><a class=\"wp-block-button__link wp-element-button\" href=\"https:\/\/safepoint-security.com\/gallery-page\/\">commercial<\/a><\/div>\n<\/div>\n<\/div>\n<\/div>\n\n\n\n<div class=\"wp-block-cover alignfull is-repeated wp-elements-411fd9865e6e9fa55dd1d51d091ee7c0\" style=\"min-height:759px;aspect-ratio:unset;\"><div class=\"wp-block-cover__image-background wp-image-67 size-large is-repeated\" style=\"background-position:50% 50%;background-image:url(https:\/\/safepoint-security.com\/wp-content\/uploads\/2026\/02\/portrait-male-security-guard-with-uniform-1024x683.jpg)\"><\/div><span aria-hidden=\"true\" class=\"wp-block-cover__background has-background-dim-30 has-background-dim\" style=\"background-color:#5c5957\"><\/span><div class=\"wp-block-cover__inner-container is-layout-constrained wp-block-cover-is-layout-constrained\">\n<h1 class=\"wp-block-heading alignwide has-text-align-center is-style-default has-ast-global-color-4-color has-ast-global-color-2-background-color has-text-color has-background has-link-color wp-elements-a7bf26e5f74776b53fddb2a944d19a3d\">Wir sorgen f\u00fcr Ihre Sicherheit<\/h1>\n<\/div><\/div>\n\n\n\n<div style=\"height:100px\" aria-hidden=\"true\" class=\"wp-block-spacer\"><\/div>\n\n\n\n<div class=\"wp-block-cover alignfull wp-elements-d075268aca8d8193d390e95d2a5f4fb7\"><span aria-hidden=\"true\" class=\"wp-block-cover__background has-ast-global-color-4-background-color has-background-dim-100 has-background-dim\"><\/span><div class=\"wp-block-cover__inner-container is-layout-flow wp-block-cover-is-layout-flow\">\n<div class=\"wp-block-cover alignfull is-repeated\" style=\"min-height:841px;aspect-ratio:unset;\"><div class=\"wp-block-cover__image-background wp-image-63 size-full is-repeated\" style=\"background-position:50% 50%;background-image:url(https:\/\/safepoint-security.com\/wp-content\/uploads\/2026\/02\/istockphoto-1322313675-612x612-1.jpg)\"><\/div><span aria-hidden=\"true\" class=\"wp-block-cover__background has-background-dim\" style=\"background-color:#65614f\"><\/span><div class=\"wp-block-cover__inner-container is-layout-flow wp-block-cover-is-layout-flow\">\n<div class=\"wp-block-group alignwide is-layout-constrained wp-block-group-is-layout-constrained\">\n<div class=\"wp-block-cover alignwide is-light\"><span aria-hidden=\"true\" class=\"wp-block-cover__background has-background-dim-90 has-background-dim\" style=\"background-color:#ab8c00\"><\/span><div class=\"wp-block-cover__inner-container is-layout-constrained wp-block-cover-is-layout-constrained\">\n<h1 class=\"wp-block-heading alignfull has-text-align-center has-ast-global-color-3-color has-text-color has-background has-link-color wp-elements-b38a6226b38870125693f78360fd2078\" style=\"background-color:#746216\">Kontaktieren Sie uns jetzt<\/h1>\n\n\n<style id=\"wpforms-css-vars-132-block-e5c543c8-c768-4731-9c32-2fdc8ff68a8e\">\n\t\t\t\t#wpforms-132.wpforms-block-e5c543c8-c768-4731-9c32-2fdc8ff68a8e {\n\t\t\t\t--wpforms-label-color: var(--ast-global-color-3);\n--wpforms-label-sublabel-color: var(--ast-global-color-8);\n--wpforms-label-error-color: #ff0000;\n--wpforms-page-break-color: #dddddd;\n--wpforms-field-border-radius: 0px;\n--wpforms-field-background-color: var(--ast-global-color-4);\n--wpforms-field-border-color: var(--ast-global-color-6);\n--wpforms-field-border-color-spare: var(--ast-global-color-6);\n--wpforms-field-text-color: #444444;\n--wpforms-field-menu-color: var(--ast-global-color-8);\n--wpforms-button-border-style: solid;\n--wpforms-button-border-radius: 0px;\n--wpforms-button-background-color: var(--ast-global-color-3);\n--wpforms-button-text-color: var(--ast-global-color-7);\n--wpforms-button-border-color: #cccccc;\n--wpforms-field-size-input-height: 43px;\n--wpforms-field-size-input-spacing: 15px;\n--wpforms-field-size-font-size: 16px;\n--wpforms-field-size-line-height: 19px;\n--wpforms-field-size-padding-h: 14px;\n--wpforms-field-size-checkbox-size: 16px;\n--wpforms-field-size-sublabel-spacing: 5px;\n--wpforms-field-size-icon-size: 1;\n--wpforms-label-size-font-size: 16px;\n--wpforms-label-size-line-height: 19px;\n--wpforms-label-size-sublabel-font-size: 14px;\n--wpforms-label-size-sublabel-line-height: 17px;\n--wpforms-button-size-font-size: 17px;\n--wpforms-button-size-height: 41px;\n--wpforms-button-size-padding-h: 15px;\n--wpforms-button-size-margin-top: 10px;\n\t\t\t}\n\t\t\t<\/style><div class=\"wpforms-container wpforms-container-full wpforms-block wpforms-block-e5c543c8-c768-4731-9c32-2fdc8ff68a8e wpforms-render-modern\" id=\"wpforms-132\"><form id=\"wpforms-form-132\" class=\"wpforms-validate wpforms-form\" data-formid=\"132\" method=\"post\" enctype=\"multipart\/form-data\" action=\"\/en\/wp-json\/wp\/v2\/pages\/16\" data-token=\"b88290093a8d766d07c57174751f6cdc\" data-token-time=\"1778544261\"><noscript class=\"wpforms-error-noscript\">Please enable JavaScript in your browser to complete this form.<\/noscript><div id=\"wpforms-error-noscript\" style=\"display: none;\">Please enable JavaScript in your browser to complete this form.<\/div><div class=\"wpforms-field-container\"><div id=\"wpforms-132-field_2-container\" class=\"wpforms-field wpforms-field-radio\" data-field-id=\"2\"><fieldset><legend class=\"wpforms-field-label\">Anrede <span class=\"wpforms-required-label\" aria-hidden=\"true\">*<\/span><\/legend><ul id=\"wpforms-132-field_2\" class=\"wpforms-field-required\"><li class=\"choice-1 depth-1 wpforms-selected\"><input type=\"radio\" id=\"wpforms-132-field_2_1\" name=\"wpforms[fields][2]\" value=\"Herr\" aria-errormessage=\"wpforms-132-field_2_1-error\" required  checked='checked'><label class=\"wpforms-field-label-inline\" for=\"wpforms-132-field_2_1\">Herr<\/label><\/li><li class=\"choice-2 depth-1\"><input type=\"radio\" id=\"wpforms-132-field_2_2\" name=\"wpforms[fields][2]\" value=\"Frau\" aria-errormessage=\"wpforms-132-field_2_2-error\" required ><label class=\"wpforms-field-label-inline\" for=\"wpforms-132-field_2_2\">Frau<\/label><\/li><\/ul><\/fieldset><\/div><div id=\"wpforms-132-field_3-container\" class=\"wpforms-field wpforms-field-name\" data-field-id=\"3\"><fieldset><legend class=\"wpforms-field-label\">Name <span class=\"wpforms-required-label\" aria-hidden=\"true\">*<\/span><\/legend><div class=\"wpforms-field-row wpforms-field-medium\"><div class=\"wpforms-field-row-block wpforms-first wpforms-one-half\"><input type=\"text\" id=\"wpforms-132-field_3\" class=\"wpforms-field-name-first wpforms-field-required\" name=\"wpforms[fields][3][first]\" aria-errormessage=\"wpforms-132-field_3-error\" required><label for=\"wpforms-132-field_3\" class=\"wpforms-field-sublabel after\">First<\/label><\/div><div class=\"wpforms-field-row-block wpforms-one-half\"><input type=\"text\" id=\"wpforms-132-field_3-last\" class=\"wpforms-field-name-last wpforms-field-required\" name=\"wpforms[fields][3][last]\" aria-errormessage=\"wpforms-132-field_3-last-error\" required><label for=\"wpforms-132-field_3-last\" class=\"wpforms-field-sublabel after\">Last<\/label><\/div><\/div><\/fieldset><\/div><div id=\"wpforms-132-field_4-container\" class=\"wpforms-field wpforms-field-email\" data-field-id=\"4\"><label class=\"wpforms-field-label\" for=\"wpforms-132-field_4\">Mailadresse <span class=\"wpforms-required-label\" aria-hidden=\"true\">*<\/span><\/label><input type=\"email\" id=\"wpforms-132-field_4\" class=\"wpforms-field-medium wpforms-field-required\" name=\"wpforms[fields][4]\" spellcheck=\"false\" aria-errormessage=\"wpforms-132-field_4-error\" required><\/div><div id=\"wpforms-132-field_8-container\" class=\"wpforms-field wpforms-field-text\" data-field-id=\"8\"><label class=\"wpforms-field-label\" for=\"wpforms-132-field_8\">Telefon (optional)<\/label><input type=\"text\" id=\"wpforms-132-field_8\" class=\"wpforms-field-medium\" name=\"wpforms[fields][8]\" aria-errormessage=\"wpforms-132-field_8-error\" ><\/div><div id=\"wpforms-132-field_6-container\" class=\"wpforms-field wpforms-field-text\" data-field-id=\"6\"><label class=\"wpforms-field-label\" for=\"wpforms-132-field_6\">Betreff <span class=\"wpforms-required-label\" aria-hidden=\"true\">*<\/span><\/label><input type=\"text\" id=\"wpforms-132-field_6\" class=\"wpforms-field-medium wpforms-field-required\" name=\"wpforms[fields][6]\" aria-errormessage=\"wpforms-132-field_6-error\" required><\/div>\t\t<div id=\"wpforms-132-field_1-container\"\n\t\t\tclass=\"wpforms-field wpforms-field-text\"\n\t\t\tdata-field-type=\"text\"\n\t\t\tdata-field-id=\"1\"\n\t\t\t>\n\t\t\t<label class=\"wpforms-field-label\" for=\"wpforms-132-field_1\" >Nachricht (optional) Telefon<\/label>\n\t\t\t<input type=\"text\" id=\"wpforms-132-field_1\" class=\"wpforms-field-medium\" name=\"wpforms[fields][1]\" >\n\t\t<\/div>\n\t\t<div id=\"wpforms-132-field_7-container\" class=\"wpforms-field wpforms-field-textarea\" data-field-id=\"7\"><label class=\"wpforms-field-label\" for=\"wpforms-132-field_7\">Ihre Nachricht <span class=\"wpforms-required-label\" aria-hidden=\"true\">*<\/span><\/label><textarea id=\"wpforms-132-field_7\" class=\"wpforms-field-medium wpforms-field-required\" name=\"wpforms[fields][7]\" aria-errormessage=\"wpforms-132-field_7-error\" required><\/textarea><\/div><script>\n\t\t\t\t( function() {\n\t\t\t\t\tconst style = document.createElement( 'style' );\n\t\t\t\t\tstyle.appendChild( document.createTextNode( '#wpforms-132-field_1-container { position: absolute !important; overflow: hidden !important; display: inline !important; height: 1px !important; width: 1px !important; z-index: -1000 !important; padding: 0 !important; } #wpforms-132-field_1-container input { visibility: hidden; } #wpforms-conversational-form-page #wpforms-132-field_1-container label { counter-increment: none; }' ) );\n\t\t\t\t\tdocument.head.appendChild( style );\n\t\t\t\t\tdocument.currentScript?.remove();\n\t\t\t\t} )();\n\t\t\t<\/script><\/div><!-- .wpforms-field-container --><div class=\"wpforms-submit-container\" ><input type=\"hidden\" name=\"wpforms[id]\" value=\"132\"><input type=\"hidden\" name=\"page_title\" value=\"\"><input type=\"hidden\" name=\"page_url\" value=\"https:\/\/safepoint-security.com\/en\/wp-json\/wp\/v2\/pages\/16\"><input type=\"hidden\" name=\"url_referer\" value=\"\"><button type=\"submit\" name=\"wpforms[submit]\" id=\"wpforms-submit-132\" class=\"wpforms-submit\" data-alt-text=\"Senden\u2026\" data-submit-text=\"Senden\" aria-live=\"assertive\" value=\"wpforms-submit\">Senden<\/button><\/div><\/form><\/div>  <!-- .wpforms-container --><\/div><\/div>\n<\/div>\n<\/div><\/div>\n<\/div><\/div>\n","protected":false},"excerpt":{"rendered":"<p><strong>Die\u00a0Safepoint Security GmbH\u00a0ist Ihre professionelle und zertifizierte Sicherheitsfirma in der Region K\u00f6ln, Nordrhein-Westfalen und Umgebung. <br \/>Seit unserer Gr\u00fcndung stehen wir f\u00fcr Zuverl\u00e4ssigkeit, Diskretion und h\u00f6chste Qualit\u00e4tsstandards im Sicherheitsdienst.<br \/>Mit langj\u00e4hriger Erfahrung in der Sicherheitsbranche bieten wir ma\u00dfgeschneiderte Sicherheitsl\u00f6sungen f\u00fcr Unternehmen, \u00f6ffentliche Einrichtungen und Privatkunden. Unser Anspruch ist es, Risiken fr\u00fchzeitig zu erkennen, Gefahren effektiv zu minimieren und f\u00fcr ein sicheres Umfeld zu sorgen \u2013 jederzeit und kompromisslos.<\/strong><\/p>","protected":false},"author":0,"featured_media":0,"parent":0,"menu_order":0,"comment_status":"closed","ping_status":"closed","template":"","meta":{"_coblocks_attr":"ArialHelveticaHelveticaGeorgiaAsap,,Montserrat,Times New Roman,Arial,,,","_coblocks_dimensions":"","_coblocks_responsive_height":"","_coblocks_accordion_ie_support":"","site-sidebar-layout":"default","site-content-layout":"","ast-site-content-layout":"default","site-content-style":"default","site-sidebar-style":"default","ast-global-header-display":"","ast-banner-title-visibility":"","ast-main-header-display":"","ast-hfb-above-header-display":"","ast-hfb-below-header-display":"","ast-hfb-mobile-header-display":"","site-post-title":"","ast-breadcrumbs-content":"","ast-featured-img":"","footer-sml-layout":"","ast-disable-related-posts":"","theme-transparent-header-meta":"","adv-header-id-meta":"","stick-header-meta":"","header-above-stick-meta":"","header-main-stick-meta":"","header-below-stick-meta":"","astra-migrate-meta-layouts":"default","ast-page-background-enabled":"default","ast-page-background-meta":{"desktop":{"background-color":"var(--ast-global-color-5)","background-image":"","background-repeat":"repeat","background-position":"center center","background-size":"auto","background-attachment":"scroll","background-type":"","background-media":"","overlay-type":"","overlay-color":"","overlay-opacity":"","overlay-gradient":""},"tablet":{"background-color":"","background-image":"","background-repeat":"repeat","background-position":"center center","background-size":"auto","background-attachment":"scroll","background-type":"","background-media":"","overlay-type":"","overlay-color":"","overlay-opacity":"","overlay-gradient":""},"mobile":{"background-color":"","background-image":"","background-repeat":"repeat","background-position":"center center","background-size":"auto","background-attachment":"scroll","background-type":"","background-media":"","overlay-type":"","overlay-color":"","overlay-opacity":"","overlay-gradient":""}},"ast-content-background-meta":{"desktop":{"background-color":"var(--ast-global-color-4)","background-image":"","background-repeat":"repeat","background-position":"center center","background-size":"auto","background-attachment":"scroll","background-type":"","background-media":"","overlay-type":"","overlay-color":"","overlay-opacity":"","overlay-gradient":""},"tablet":{"background-color":"var(--ast-global-color-4)","background-image":"","background-repeat":"repeat","background-position":"center center","background-size":"auto","background-attachment":"scroll","background-type":"","background-media":"","overlay-type":"","overlay-color":"","overlay-opacity":"","overlay-gradient":""},"mobile":{"background-color":"var(--ast-global-color-4)","background-image":"","background-repeat":"repeat","background-position":"center center","background-size":"auto","background-attachment":"scroll","background-type":"","background-media":"","overlay-type":"","overlay-color":"","overlay-opacity":"","overlay-gradient":""}},"footnotes":""},"class_list":["post-16","page","type-page","status-publish","hentry"],"_links":{"self":[{"href":"https:\/\/safepoint-security.com\/en\/wp-json\/wp\/v2\/pages\/16","targetHints":{"allow":["GET"]}}],"collection":[{"href":"https:\/\/safepoint-security.com\/en\/wp-json\/wp\/v2\/pages"}],"about":[{"href":"https:\/\/safepoint-security.com\/en\/wp-json\/wp\/v2\/types\/page"}],"replies":[{"embeddable":true,"href":"https:\/\/safepoint-security.com\/en\/wp-json\/wp\/v2\/comments?post=16"}],"version-history":[{"count":110,"href":"https:\/\/safepoint-security.com\/en\/wp-json\/wp\/v2\/pages\/16\/revisions"}],"predecessor-version":[{"id":373,"href":"https:\/\/safepoint-security.com\/en\/wp-json\/wp\/v2\/pages\/16\/revisions\/373"}],"wp:attachment":[{"href":"https:\/\/safepoint-security.com\/en\/wp-json\/wp\/v2\/media?parent=16"}],"curies":[{"name":"wp","href":"https:\/\/api.w.org\/{rel}","templated":true}]}}